{"id":15614,"date":"2024-08-28T10:15:32","date_gmt":"2024-08-28T10:15:32","guid":{"rendered":"https:\/\/wordpress-583806-4798031.cloudwaysapps.com\/?post_type=product&#038;p=15614"},"modified":"2024-09-06T06:50:29","modified_gmt":"2024-09-06T06:50:29","slug":"coachande-ledarskap-i-projekt","status":"publish","type":"product","link":"https:\/\/test.informator.se\/en\/produkt\/coachande-ledarskap-i-projekt\/","title":{"rendered":"Coachande Ledarskap i projekt"},"content":{"rendered":"<h2>M\u00e5l\u00adgrupp<\/h2>\n<p>Utbildningen v\u00e4nder sig till dig som vill ha en bra grund att st\u00e5 p\u00e5 i ditt ledarskap. Du \u00e4r kanske projektledare, f\u00f6r\u00e4ndringsledare eller teamledare. Kursen passar ledare fr\u00e5n alla typer av organisationer.\u00a0<\/p>\n<h2>M\u00e5l<\/h2>\n<p>Kursen ger dig kunskaper om kommunikation, grupputveckling, konflikthantering och genom \u00f6vningar och exempel, en \u00f6kad insikt om din egna ledarstil. Utbildningen bygger p\u00e5 upplevelsebaserad inl\u00e4rning och inneh\u00e5ller m\u00e5nga praktiska \u00f6vningar, reflektioner och diskussioner inom gruppen.<\/p>\n<h2>F\u00f6r\u00adkun\u00adska\u00adper<\/h2>\n<p>Inga speciella f\u00f6rkunskaper kr\u00e4vs.<\/p>\n<h2>Kursinneh&aring;ll<\/h2>\n<p>Introduktion ledarskap<\/p>\n<ul>\n<li aria-level=\"1\">Att utveckla sig sj\u00e4lv och andra \u2013 ledarskapets ledstj\u00e4rna<\/li>\n<li aria-level=\"1\">Min ledarstil och hur jag kan anpassa den efter situation<\/li>\n<\/ul>\n<p>Det coachande ledarskapet<\/p>\n<ul>\n<li aria-level=\"1\">Coachande f\u00f6rh\u00e5llningss\u00e4tt &#8211; N\u00e4r kan man coacha?<\/li>\n<li aria-level=\"1\">Coachingsrelationen<\/li>\n<li aria-level=\"1\">Grunder och f\u00e4rdigheter f\u00f6r coaching<\/li>\n<\/ul>\n<p>Hur vi m\u00e4nniskor fungerar<\/p>\n<ul>\n<li aria-level=\"1\">V\u00e4rderingar och beteenden<\/li>\n<li aria-level=\"1\">Hur skapas v\u00e5ra olika kartor av verkligheten<\/li>\n<li aria-level=\"1\">Hj\u00e4rnans funktion<\/li>\n<li aria-level=\"1\">Olika s\u00e4tt att kommunicera\u00a0<\/li>\n<\/ul>\n<p>Motivation och drivkrafter<\/p>\n<ul>\n<li aria-level=\"1\">Vad f\u00e5r dig motiverad och vad motiverar dina medarbetare?<\/li>\n<li aria-level=\"1\">Biologisk, yttre och inre motivation<\/li>\n<\/ul>\n<p>Gruppen och dess utveckling<\/p>\n<ul>\n<li aria-level=\"1\">Gruppsammans\u00e4ttning och roller<\/li>\n<li aria-level=\"1\">Gruppdynamik &#8211; hur fungerar en grupp och varf\u00f6r?<\/li>\n<li aria-level=\"1\">Hur en grupp utvecklas<\/li>\n<li aria-level=\"1\">Vilket ledarskap ska jag till\u00e4mpa under de olika faserna?<\/li>\n<\/ul>\n<p>Kommunikation \u2013 ditt viktigaste verktyg<\/p>\n<ul>\n<li aria-level=\"1\">Kommunikationsstilar<\/li>\n<li aria-level=\"1\">Aktivt lyssnande<\/li>\n<li aria-level=\"1\">Fokus p\u00e5 m\u00f6jligheter eller problem?<\/li>\n<\/ul>\n<p><\/p>\n","protected":false},"excerpt":{"rendered":"<p>Som Projektledare konkurrerar du om projektdeltagarnas tid mot s\u00e5v\u00e4l linjearbetet som andra projekt. Helst vill du f\u00e5 dina projektmedlemmar att prioritera just ditt projekt. Det du har att konkurrera med \u00e4r bland annat ditt ledarskap. Coachande ledarskap kan vara ett s\u00e4tt att f\u00e5 projektmedlemmarna att vilja v\u00e4lja ditt projekt.\u00a0<\/p>\n<p>Coachande ledarskap inneb\u00e4r f\u00f6rm\u00e5gan att st\u00f6tta medarbetarna, s\u00e5 att de v\u00e4xer som individer. Det betyder att du b\u00f6r ha en klar bild av dig sj\u00e4lv, ditt projekt och din ledarstil.\u00a0<\/p>\n","protected":false},"author":1,"featured_media":0,"template":"","meta":{"om_disable_all_campaigns":false,"_monsterinsights_skip_tracking":false,"_monsterinsights_sitenote_active":false,"_monsterinsights_sitenote_note":"","_monsterinsights_sitenote_category":0,"_uf_show_specific_survey":0,"_uf_disable_surveys":false},"product_brand":[],"product_cat":[111,82,83,92,85],"product_tag":[],"programsprak_plattform":[],"betalningsmetoder":[],"sprak":[],"startgaranti":[],"certifieringsorgan":[],"certifieringsbar":[],"svarighetsniva":[],"leveranssatt":[],"class_list":{"0":"post-15614","1":"product","2":"type-product","3":"status-publish","5":"product_cat-grundkurser-ledning-och-styrning","6":"product_cat-ledarskap-och-kommunikation","7":"product_cat-ledning-och-styrning","8":"product_cat-projektledning","9":"product_cat-projektledning-portfoljhantering","11":"first","12":"instock","13":"taxable","14":"shipping-taxable","15":"purchasable","16":"product-type-variable"},"_links":{"self":[{"href":"https:\/\/test.informator.se\/en\/wp-json\/wp\/v2\/product\/15614","targetHints":{"allow":["GET"]}}],"collection":[{"href":"https:\/\/test.informator.se\/en\/wp-json\/wp\/v2\/product"}],"about":[{"href":"https:\/\/test.informator.se\/en\/wp-json\/wp\/v2\/types\/product"}],"author":[{"embeddable":true,"href":"https:\/\/test.informator.se\/en\/wp-json\/wp\/v2\/users\/1"}],"wp:attachment":[{"href":"https:\/\/test.informator.se\/en\/wp-json\/wp\/v2\/media?parent=15614"}],"wp:term":[{"taxonomy":"product_brand","embeddable":true,"href":"https:\/\/test.informator.se\/en\/wp-json\/wp\/v2\/product_brand?post=15614"},{"taxonomy":"product_cat","embeddable":true,"href":"https:\/\/test.informator.se\/en\/wp-json\/wp\/v2\/product_cat?post=15614"},{"taxonomy":"product_tag","embeddable":true,"href":"https:\/\/test.informator.se\/en\/wp-json\/wp\/v2\/product_tag?post=15614"},{"taxonomy":"programsprak_plattform","embeddable":true,"href":"https:\/\/test.informator.se\/en\/wp-json\/wp\/v2\/programsprak_plattform?post=15614"},{"taxonomy":"betalningsmetoder","embeddable":true,"href":"https:\/\/test.informator.se\/en\/wp-json\/wp\/v2\/betalningsmetoder?post=15614"},{"taxonomy":"sprak","embeddable":true,"href":"https:\/\/test.informator.se\/en\/wp-json\/wp\/v2\/sprak?post=15614"},{"taxonomy":"startgaranti","embeddable":true,"href":"https:\/\/test.informator.se\/en\/wp-json\/wp\/v2\/startgaranti?post=15614"},{"taxonomy":"certifieringsorgan","embeddable":true,"href":"https:\/\/test.informator.se\/en\/wp-json\/wp\/v2\/certifieringsorgan?post=15614"},{"taxonomy":"certifieringsbar","embeddable":true,"href":"https:\/\/test.informator.se\/en\/wp-json\/wp\/v2\/certifieringsbar?post=15614"},{"taxonomy":"svarighetsniva","embeddable":true,"href":"https:\/\/test.informator.se\/en\/wp-json\/wp\/v2\/svarighetsniva?post=15614"},{"taxonomy":"leveranssatt","embeddable":true,"href":"https:\/\/test.informator.se\/en\/wp-json\/wp\/v2\/leveranssatt?post=15614"}],"curies":[{"name":"wp","href":"https:\/\/api.w.org\/{rel}","templated":true}]}}