{"id":16237,"date":"2024-08-28T10:17:49","date_gmt":"2024-08-28T10:17:49","guid":{"rendered":"https:\/\/wordpress-583806-4798031.cloudwaysapps.com\/?post_type=product&#038;p=16237"},"modified":"2024-10-21T18:21:07","modified_gmt":"2024-10-21T17:21:07","slug":"presentationsteknik-fr-projektledare-frndringsledare","status":"publish","type":"product","link":"https:\/\/test.informator.se\/en\/produkt\/presentationsteknik-fr-projektledare-frndringsledare\/","title":{"rendered":"Presentationsteknik f\u00f6r projektledare\/f\u00f6r\u00e4ndringsledare"},"content":{"rendered":"<p>En stor del av att leda ett projekt\/f\u00f6r\u00e4ndring best\u00e5r av att kunna presentera vad projektet \/ f\u00f6r\u00e4ndringen g\u00e5r ut p\u00e5. Om du inte n\u00e5r fram med ditt budskap till mottagarna kommer det inte att bli som du t\u00e4nkt.<\/p>\n<p>Genom att f\u00f6rst\u00e5 de som lyssnar och kunna v\u00e4lja ut de argument som just dessa vill h\u00f6ra tillsammans med en presentationsteknik som f\u00e5r \u00e5h\u00f6rarna att se det du ser och f\u00f6rst\u00e5 det du f\u00f6rst\u00e5r g\u00f6r ditt projekt-\/f\u00f6r\u00e4ndringsarbete s\u00e5 mycket enklare. Du n\u00e5r helt enkelt ut med ditt budskap.<\/p>\n","protected":false},"excerpt":{"rendered":"<p>En stor del av att leda ett projekt\/f\u00f6r\u00e4ndring best\u00e5r av att kunna presentera vad projektet \/ f\u00f6r\u00e4ndringen g\u00e5r ut p\u00e5. Om du inte n\u00e5r fram med ditt budskap till mottagarna kommer det inte att bli som du t\u00e4nkt. Genom att f\u00f6rst\u00e5 de som lyssnar och kunna v\u00e4lja ut de argument som just dessa vill h\u00f6ra [&hellip;]<\/p>\n","protected":false},"author":1,"featured_media":0,"template":"","meta":{"om_disable_all_campaigns":false,"_monsterinsights_skip_tracking":false,"_monsterinsights_sitenote_active":false,"_monsterinsights_sitenote_note":"","_monsterinsights_sitenote_category":0,"_uf_show_specific_survey":0,"_uf_disable_surveys":false},"product_brand":[],"product_cat":[111,82,83,92,85,84],"product_tag":[],"programsprak_plattform":[],"betalningsmetoder":[],"sprak":[371],"startgaranti":[369],"certifieringsorgan":[],"certifieringsbar":[40],"svarighetsniva":[41],"leveranssatt":[36],"class_list":{"0":"post-16237","1":"product","2":"type-product","3":"status-publish","5":"product_cat-grundkurser-ledning-och-styrning","6":"product_cat-ledarskap-och-kommunikation","7":"product_cat-ledning-och-styrning","8":"product_cat-projektledning","9":"product_cat-projektledning-portfoljhantering","10":"product_cat-samarbete-kommunikation","11":"sprak-svenska","12":"startgaranti-go-kurs","13":"certifieringsbar-nej","14":"svarighetsniva-grund","15":"leveranssatt-klassrum","17":"first","18":"instock","19":"virtual","20":"taxable","21":"purchasable","22":"product-type-simple"},"_links":{"self":[{"href":"https:\/\/test.informator.se\/en\/wp-json\/wp\/v2\/product\/16237","targetHints":{"allow":["GET"]}}],"collection":[{"href":"https:\/\/test.informator.se\/en\/wp-json\/wp\/v2\/product"}],"about":[{"href":"https:\/\/test.informator.se\/en\/wp-json\/wp\/v2\/types\/product"}],"author":[{"embeddable":true,"href":"https:\/\/test.informator.se\/en\/wp-json\/wp\/v2\/users\/1"}],"wp:attachment":[{"href":"https:\/\/test.informator.se\/en\/wp-json\/wp\/v2\/media?parent=16237"}],"wp:term":[{"taxonomy":"product_brand","embeddable":true,"href":"https:\/\/test.informator.se\/en\/wp-json\/wp\/v2\/product_brand?post=16237"},{"taxonomy":"product_cat","embeddable":true,"href":"https:\/\/test.informator.se\/en\/wp-json\/wp\/v2\/product_cat?post=16237"},{"taxonomy":"product_tag","embeddable":true,"href":"https:\/\/test.informator.se\/en\/wp-json\/wp\/v2\/product_tag?post=16237"},{"taxonomy":"programsprak_plattform","embeddable":true,"href":"https:\/\/test.informator.se\/en\/wp-json\/wp\/v2\/programsprak_plattform?post=16237"},{"taxonomy":"betalningsmetoder","embeddable":true,"href":"https:\/\/test.informator.se\/en\/wp-json\/wp\/v2\/betalningsmetoder?post=16237"},{"taxonomy":"sprak","embeddable":true,"href":"https:\/\/test.informator.se\/en\/wp-json\/wp\/v2\/sprak?post=16237"},{"taxonomy":"startgaranti","embeddable":true,"href":"https:\/\/test.informator.se\/en\/wp-json\/wp\/v2\/startgaranti?post=16237"},{"taxonomy":"certifieringsorgan","embeddable":true,"href":"https:\/\/test.informator.se\/en\/wp-json\/wp\/v2\/certifieringsorgan?post=16237"},{"taxonomy":"certifieringsbar","embeddable":true,"href":"https:\/\/test.informator.se\/en\/wp-json\/wp\/v2\/certifieringsbar?post=16237"},{"taxonomy":"svarighetsniva","embeddable":true,"href":"https:\/\/test.informator.se\/en\/wp-json\/wp\/v2\/svarighetsniva?post=16237"},{"taxonomy":"leveranssatt","embeddable":true,"href":"https:\/\/test.informator.se\/en\/wp-json\/wp\/v2\/leveranssatt?post=16237"}],"curies":[{"name":"wp","href":"https:\/\/api.w.org\/{rel}","templated":true}]}}