{"id":16239,"date":"2024-08-28T10:17:49","date_gmt":"2024-08-28T10:17:49","guid":{"rendered":"https:\/\/wordpress-583806-4798031.cloudwaysapps.com\/?post_type=product&#038;p=16239"},"modified":"2025-01-08T12:59:27","modified_gmt":"2025-01-08T11:59:27","slug":"projektledning-grund","status":"publish","type":"product","link":"https:\/\/test.informator.se\/en\/produkt\/projektledning-grund\/","title":{"rendered":"Projektledning grund"},"content":{"rendered":"<p>I denna projektledarutbildning f\u00e5r du goda grunder f\u00f6r att leda projekt!<\/p>\n<p>Utbildningen skapar en f\u00f6rst\u00e5else f\u00f6r vad det inneb\u00e4r att leda ett projekt och motivera projektgrupper plus m\u00e5nga praktiska verktyg f\u00f6r dig att ta med till din egen verksamhet. Du f\u00e5r metoder och kunskap f\u00f6r att kunna organisera, planera och leda projekt samt verktyg f\u00f6r att kunna till\u00e4mpa dina nya kunskaper direkt.<\/p>\n<p>&nbsp;<\/p>\n<p><strong>Notera; denna utbildning kr\u00e4ver ett l\u00e4gsta antal deltagare och omfattas d\u00e4rf\u00f6r inte av Informators startgaranti. Vi h\u00f6r av oss i god tid om kursen inte skulle bli av.<\/strong><\/p>\n","protected":false},"excerpt":{"rendered":"<p>I denna projektledarutbildning f\u00e5r du goda grunder f\u00f6r att leda projekt! Utbildningen skapar en f\u00f6rst\u00e5else f\u00f6r vad det inneb\u00e4r att leda ett projekt och motivera projektgrupper plus m\u00e5nga praktiska verktyg f\u00f6r dig att ta med till din egen verksamhet. Du f\u00e5r metoder och kunskap f\u00f6r att kunna organisera, planera och leda projekt samt verktyg f\u00f6r [&hellip;]<\/p>\n","protected":false},"author":1,"featured_media":0,"template":"","meta":{"om_disable_all_campaigns":false,"_monsterinsights_skip_tracking":false,"_monsterinsights_sitenote_active":false,"_monsterinsights_sitenote_note":"","_monsterinsights_sitenote_category":0,"_uf_show_specific_survey":0,"_uf_disable_surveys":false},"product_brand":[],"product_cat":[85],"product_tag":[261,265,263,262,264,266],"programsprak_plattform":[],"betalningsmetoder":[],"sprak":[371],"startgaranti":[369],"certifieringsorgan":[],"certifieringsbar":[40],"svarighetsniva":[41],"leveranssatt":[37,36],"class_list":{"0":"post-16239","1":"product","2":"type-product","3":"status-publish","5":"product_cat-projektledning-portfoljhantering","6":"product_tag-agil-projektledning","7":"product_tag-agil-projektledning-certifiering","8":"product_tag-projektledning-bok","9":"product_tag-projektledning-kurs","10":"product_tag-projektledning-tips","11":"product_tag-projektledning-vad-ar-det","12":"sprak-svenska","13":"startgaranti-go-kurs","14":"certifieringsbar-nej","15":"svarighetsniva-grund","16":"leveranssatt-distans","17":"leveranssatt-klassrum","19":"first","20":"instock","21":"virtual","22":"taxable","23":"purchasable","24":"product-type-simple"},"_links":{"self":[{"href":"https:\/\/test.informator.se\/en\/wp-json\/wp\/v2\/product\/16239","targetHints":{"allow":["GET"]}}],"collection":[{"href":"https:\/\/test.informator.se\/en\/wp-json\/wp\/v2\/product"}],"about":[{"href":"https:\/\/test.informator.se\/en\/wp-json\/wp\/v2\/types\/product"}],"author":[{"embeddable":true,"href":"https:\/\/test.informator.se\/en\/wp-json\/wp\/v2\/users\/1"}],"wp:attachment":[{"href":"https:\/\/test.informator.se\/en\/wp-json\/wp\/v2\/media?parent=16239"}],"wp:term":[{"taxonomy":"product_brand","embeddable":true,"href":"https:\/\/test.informator.se\/en\/wp-json\/wp\/v2\/product_brand?post=16239"},{"taxonomy":"product_cat","embeddable":true,"href":"https:\/\/test.informator.se\/en\/wp-json\/wp\/v2\/product_cat?post=16239"},{"taxonomy":"product_tag","embeddable":true,"href":"https:\/\/test.informator.se\/en\/wp-json\/wp\/v2\/product_tag?post=16239"},{"taxonomy":"programsprak_plattform","embeddable":true,"href":"https:\/\/test.informator.se\/en\/wp-json\/wp\/v2\/programsprak_plattform?post=16239"},{"taxonomy":"betalningsmetoder","embeddable":true,"href":"https:\/\/test.informator.se\/en\/wp-json\/wp\/v2\/betalningsmetoder?post=16239"},{"taxonomy":"sprak","embeddable":true,"href":"https:\/\/test.informator.se\/en\/wp-json\/wp\/v2\/sprak?post=16239"},{"taxonomy":"startgaranti","embeddable":true,"href":"https:\/\/test.informator.se\/en\/wp-json\/wp\/v2\/startgaranti?post=16239"},{"taxonomy":"certifieringsorgan","embeddable":true,"href":"https:\/\/test.informator.se\/en\/wp-json\/wp\/v2\/certifieringsorgan?post=16239"},{"taxonomy":"certifieringsbar","embeddable":true,"href":"https:\/\/test.informator.se\/en\/wp-json\/wp\/v2\/certifieringsbar?post=16239"},{"taxonomy":"svarighetsniva","embeddable":true,"href":"https:\/\/test.informator.se\/en\/wp-json\/wp\/v2\/svarighetsniva?post=16239"},{"taxonomy":"leveranssatt","embeddable":true,"href":"https:\/\/test.informator.se\/en\/wp-json\/wp\/v2\/leveranssatt?post=16239"}],"curies":[{"name":"wp","href":"https:\/\/api.w.org\/{rel}","templated":true}]}}