{"id":16587,"date":"2024-08-28T10:19:24","date_gmt":"2024-08-28T10:19:24","guid":{"rendered":"https:\/\/wordpress-583806-4798031.cloudwaysapps.com\/?post_type=product&#038;p=16587"},"modified":"2025-01-07T10:36:50","modified_gmt":"2025-01-07T09:36:50","slug":"konflikthantering-och-feedback-i-projekt","status":"publish","type":"product","link":"https:\/\/test.informator.se\/en\/produkt\/konflikthantering-och-feedback-i-projekt\/","title":{"rendered":"Konflikthantering och feedback"},"content":{"rendered":"<p>Att arbeta\u00a0tillsammans, i projekt eller team, st\u00e4ller stora krav p\u00e5 allas f\u00f6rm\u00e5ga att kommunicera, ge och ta \u00e5terkoppling och kunna hantera konflikter.<\/p>\n<p>Under utbildningen arbetar vi med att f\u00f6rst\u00e5 sig sj\u00e4lv och andra. V\u00e5ra drivkrafter och v\u00e4rderingar som ligger till grund f\u00f6r att vi agerar som vi g\u00f6r. Med denna kunskap kan vi b\u00e5de minska och l\u00f6sa upp konflikter och ge feedback som verkligen hj\u00e4lper m\u00e4nniskor att v\u00e4xa.<\/p>\n<p>Som grund anv\u00e4nder vi oss av Non &#8211; violence &#8211; communication och modeller som visar p\u00e5 bakomliggande drivkrafter. Allt f\u00f6r att du s\u00e5 snabbt som m\u00f6jligt ska kunna f\u00f6rst\u00e5 och hantera vardagens utmaningar i att leda ett team. Du f\u00e5r konkreta arbetsverktyg under kursen som vi praktiserar och diskuterar.<\/p>\n","protected":false},"excerpt":{"rendered":"<p>Att arbeta\u00a0tillsammans, i projekt eller team, st\u00e4ller stora krav p\u00e5 allas f\u00f6rm\u00e5ga att kommunicera, ge och ta \u00e5terkoppling och kunna hantera konflikter. Under utbildningen arbetar vi med att f\u00f6rst\u00e5 sig sj\u00e4lv och andra. V\u00e5ra drivkrafter och v\u00e4rderingar som ligger till grund f\u00f6r att vi agerar som vi g\u00f6r. Med denna kunskap kan vi b\u00e5de minska [&hellip;]<\/p>\n","protected":false},"author":1,"featured_media":0,"template":"","meta":{"om_disable_all_campaigns":false,"_monsterinsights_skip_tracking":false,"_monsterinsights_sitenote_active":false,"_monsterinsights_sitenote_note":"","_monsterinsights_sitenote_category":0,"_uf_show_specific_survey":0,"_uf_disable_surveys":false},"product_brand":[],"product_cat":[82,92,85],"product_tag":[],"programsprak_plattform":[],"betalningsmetoder":[],"sprak":[371],"startgaranti":[],"certifieringsorgan":[],"certifieringsbar":[40],"svarighetsniva":[41],"leveranssatt":[36],"class_list":{"0":"post-16587","1":"product","2":"type-product","3":"status-publish","5":"product_cat-ledarskap-och-kommunikation","6":"product_cat-projektledning","7":"product_cat-projektledning-portfoljhantering","8":"sprak-svenska","9":"certifieringsbar-nej","10":"svarighetsniva-grund","11":"leveranssatt-klassrum","13":"first","14":"instock","15":"virtual","16":"taxable","17":"purchasable","18":"product-type-simple"},"_links":{"self":[{"href":"https:\/\/test.informator.se\/en\/wp-json\/wp\/v2\/product\/16587","targetHints":{"allow":["GET"]}}],"collection":[{"href":"https:\/\/test.informator.se\/en\/wp-json\/wp\/v2\/product"}],"about":[{"href":"https:\/\/test.informator.se\/en\/wp-json\/wp\/v2\/types\/product"}],"author":[{"embeddable":true,"href":"https:\/\/test.informator.se\/en\/wp-json\/wp\/v2\/users\/1"}],"wp:attachment":[{"href":"https:\/\/test.informator.se\/en\/wp-json\/wp\/v2\/media?parent=16587"}],"wp:term":[{"taxonomy":"product_brand","embeddable":true,"href":"https:\/\/test.informator.se\/en\/wp-json\/wp\/v2\/product_brand?post=16587"},{"taxonomy":"product_cat","embeddable":true,"href":"https:\/\/test.informator.se\/en\/wp-json\/wp\/v2\/product_cat?post=16587"},{"taxonomy":"product_tag","embeddable":true,"href":"https:\/\/test.informator.se\/en\/wp-json\/wp\/v2\/product_tag?post=16587"},{"taxonomy":"programsprak_plattform","embeddable":true,"href":"https:\/\/test.informator.se\/en\/wp-json\/wp\/v2\/programsprak_plattform?post=16587"},{"taxonomy":"betalningsmetoder","embeddable":true,"href":"https:\/\/test.informator.se\/en\/wp-json\/wp\/v2\/betalningsmetoder?post=16587"},{"taxonomy":"sprak","embeddable":true,"href":"https:\/\/test.informator.se\/en\/wp-json\/wp\/v2\/sprak?post=16587"},{"taxonomy":"startgaranti","embeddable":true,"href":"https:\/\/test.informator.se\/en\/wp-json\/wp\/v2\/startgaranti?post=16587"},{"taxonomy":"certifieringsorgan","embeddable":true,"href":"https:\/\/test.informator.se\/en\/wp-json\/wp\/v2\/certifieringsorgan?post=16587"},{"taxonomy":"certifieringsbar","embeddable":true,"href":"https:\/\/test.informator.se\/en\/wp-json\/wp\/v2\/certifieringsbar?post=16587"},{"taxonomy":"svarighetsniva","embeddable":true,"href":"https:\/\/test.informator.se\/en\/wp-json\/wp\/v2\/svarighetsniva?post=16587"},{"taxonomy":"leveranssatt","embeddable":true,"href":"https:\/\/test.informator.se\/en\/wp-json\/wp\/v2\/leveranssatt?post=16587"}],"curies":[{"name":"wp","href":"https:\/\/api.w.org\/{rel}","templated":true}]}}