{"id":16591,"date":"2024-08-28T10:19:24","date_gmt":"2024-08-28T10:19:24","guid":{"rendered":"https:\/\/wordpress-583806-4798031.cloudwaysapps.com\/?post_type=product&#038;p=16591"},"modified":"2024-10-09T10:58:04","modified_gmt":"2024-10-09T09:58:04","slug":"frhandling-i-projekt","status":"publish","type":"product","link":"https:\/\/test.informator.se\/en\/produkt\/frhandling-i-projekt\/","title":{"rendered":"F\u00f6rhandling i projekt"},"content":{"rendered":"<p>I varje projekt uppst\u00e5r situationer d\u00e5 du m\u00e5ste f\u00f6rhandla. Det kan handla om att hitta formerna f\u00f6r ett samarbete, att f\u00e5 mer resurser till projektet eller att sluta ett avtal med en leverant\u00f6r &#8211; eller att f\u00f6rhandla med en leverant\u00f6r n\u00e4r n\u00e5got inte blev som du t\u00e4nkt.<\/p>\n<p>&nbsp;<\/p>\n","protected":false},"excerpt":{"rendered":"<p>I varje projekt uppst\u00e5r situationer d\u00e5 du m\u00e5ste f\u00f6rhandla. Det kan handla om att hitta formerna f\u00f6r ett samarbete, att f\u00e5 mer resurser till projektet eller att sluta ett avtal med en leverant\u00f6r &#8211; eller att f\u00f6rhandla med en leverant\u00f6r n\u00e4r n\u00e5got inte blev som du t\u00e4nkt. &nbsp;<\/p>\n","protected":false},"author":1,"featured_media":0,"template":"","meta":{"om_disable_all_campaigns":false,"_monsterinsights_skip_tracking":false,"_monsterinsights_sitenote_active":false,"_monsterinsights_sitenote_note":"","_monsterinsights_sitenote_category":0,"_uf_show_specific_survey":0,"_uf_disable_surveys":false},"product_brand":[],"product_cat":[82,83,95,92,85,84],"product_tag":[],"programsprak_plattform":[],"betalningsmetoder":[],"sprak":[371],"startgaranti":[],"certifieringsorgan":[],"certifieringsbar":[],"svarighetsniva":[41],"leveranssatt":[36],"class_list":{"0":"post-16591","1":"product","2":"type-product","3":"status-publish","5":"product_cat-ledarskap-och-kommunikation","6":"product_cat-ledning-och-styrning","7":"product_cat-personlig-utveckling","8":"product_cat-projektledning","9":"product_cat-projektledning-portfoljhantering","10":"product_cat-samarbete-kommunikation","11":"sprak-svenska","12":"svarighetsniva-grund","13":"leveranssatt-klassrum","15":"first","16":"instock","17":"virtual","18":"taxable","19":"purchasable","20":"product-type-simple"},"_links":{"self":[{"href":"https:\/\/test.informator.se\/en\/wp-json\/wp\/v2\/product\/16591","targetHints":{"allow":["GET"]}}],"collection":[{"href":"https:\/\/test.informator.se\/en\/wp-json\/wp\/v2\/product"}],"about":[{"href":"https:\/\/test.informator.se\/en\/wp-json\/wp\/v2\/types\/product"}],"author":[{"embeddable":true,"href":"https:\/\/test.informator.se\/en\/wp-json\/wp\/v2\/users\/1"}],"wp:attachment":[{"href":"https:\/\/test.informator.se\/en\/wp-json\/wp\/v2\/media?parent=16591"}],"wp:term":[{"taxonomy":"product_brand","embeddable":true,"href":"https:\/\/test.informator.se\/en\/wp-json\/wp\/v2\/product_brand?post=16591"},{"taxonomy":"product_cat","embeddable":true,"href":"https:\/\/test.informator.se\/en\/wp-json\/wp\/v2\/product_cat?post=16591"},{"taxonomy":"product_tag","embeddable":true,"href":"https:\/\/test.informator.se\/en\/wp-json\/wp\/v2\/product_tag?post=16591"},{"taxonomy":"programsprak_plattform","embeddable":true,"href":"https:\/\/test.informator.se\/en\/wp-json\/wp\/v2\/programsprak_plattform?post=16591"},{"taxonomy":"betalningsmetoder","embeddable":true,"href":"https:\/\/test.informator.se\/en\/wp-json\/wp\/v2\/betalningsmetoder?post=16591"},{"taxonomy":"sprak","embeddable":true,"href":"https:\/\/test.informator.se\/en\/wp-json\/wp\/v2\/sprak?post=16591"},{"taxonomy":"startgaranti","embeddable":true,"href":"https:\/\/test.informator.se\/en\/wp-json\/wp\/v2\/startgaranti?post=16591"},{"taxonomy":"certifieringsorgan","embeddable":true,"href":"https:\/\/test.informator.se\/en\/wp-json\/wp\/v2\/certifieringsorgan?post=16591"},{"taxonomy":"certifieringsbar","embeddable":true,"href":"https:\/\/test.informator.se\/en\/wp-json\/wp\/v2\/certifieringsbar?post=16591"},{"taxonomy":"svarighetsniva","embeddable":true,"href":"https:\/\/test.informator.se\/en\/wp-json\/wp\/v2\/svarighetsniva?post=16591"},{"taxonomy":"leveranssatt","embeddable":true,"href":"https:\/\/test.informator.se\/en\/wp-json\/wp\/v2\/leveranssatt?post=16591"}],"curies":[{"name":"wp","href":"https:\/\/api.w.org\/{rel}","templated":true}]}}