{"id":16592,"date":"2024-08-28T10:19:25","date_gmt":"2024-08-28T10:19:25","guid":{"rendered":"https:\/\/wordpress-583806-4798031.cloudwaysapps.com\/?post_type=product&#038;p=16592"},"modified":"2024-12-17T12:44:35","modified_gmt":"2024-12-17T11:44:35","slug":"projektledning-fortsttning","status":"publish","type":"product","link":"https:\/\/test.informator.se\/en\/produkt\/projektledning-fortsttning\/","title":{"rendered":"Projektledning forts\u00e4ttning"},"content":{"rendered":"<p>Att leda ett projekt skiljer sig fr\u00e5n att leda en linjeverksamhet, och som projektledare beh\u00f6ver du beh\u00e4rska b\u00e5de projektmetodik och ledarskap.<\/p>\n<p>Kursen ger dig f\u00e4rdighet i planeringsverktyg och metoder, och ledarskapet ger dig f\u00f6ruts\u00e4ttningar att engagera och motivera din projektgrupp, och hj\u00e4lpa den att leverera projektm\u00e5let till best\u00e4llaren.<\/p>\n<p>Vi varvar teoretiska genomg\u00e5ngar med praktiska \u00f6vningar, b\u00e5de individuellt och i grupp. Som en del i utbildningen ing\u00e5r din personliga utvecklingsplan som projektledare.<\/p>\n","protected":false},"excerpt":{"rendered":"<p>Att leda ett projekt skiljer sig fr\u00e5n att leda en linjeverksamhet, och som projektledare beh\u00f6ver du beh\u00e4rska b\u00e5de projektmetodik och ledarskap. Kursen ger dig f\u00e4rdighet i planeringsverktyg och metoder, och ledarskapet ger dig f\u00f6ruts\u00e4ttningar att engagera och motivera din projektgrupp, och hj\u00e4lpa den att leverera projektm\u00e5let till best\u00e4llaren. Vi varvar teoretiska genomg\u00e5ngar med praktiska \u00f6vningar, [&hellip;]<\/p>\n","protected":false},"author":1,"featured_media":0,"template":"","meta":{"om_disable_all_campaigns":false,"_monsterinsights_skip_tracking":false,"_monsterinsights_sitenote_active":false,"_monsterinsights_sitenote_note":"","_monsterinsights_sitenote_category":0,"_uf_show_specific_survey":0,"_uf_disable_surveys":false},"product_brand":[],"product_cat":[92,133,85],"product_tag":[261,265,263,262,264,266],"programsprak_plattform":[],"betalningsmetoder":[],"sprak":[371],"startgaranti":[],"certifieringsorgan":[],"certifieringsbar":[40],"svarighetsniva":[42],"leveranssatt":[37,36],"class_list":{"0":"post-16592","1":"product","2":"type-product","3":"status-publish","5":"product_cat-projektledning","6":"product_cat-projektledning-pabyggnad","7":"product_cat-projektledning-portfoljhantering","8":"product_tag-agil-projektledning","9":"product_tag-agil-projektledning-certifiering","10":"product_tag-projektledning-bok","11":"product_tag-projektledning-kurs","12":"product_tag-projektledning-tips","13":"product_tag-projektledning-vad-ar-det","14":"sprak-svenska","15":"certifieringsbar-nej","16":"svarighetsniva-fortsattning","17":"leveranssatt-distans","18":"leveranssatt-klassrum","20":"first","21":"instock","22":"virtual","23":"taxable","24":"purchasable","25":"product-type-simple"},"_links":{"self":[{"href":"https:\/\/test.informator.se\/en\/wp-json\/wp\/v2\/product\/16592","targetHints":{"allow":["GET"]}}],"collection":[{"href":"https:\/\/test.informator.se\/en\/wp-json\/wp\/v2\/product"}],"about":[{"href":"https:\/\/test.informator.se\/en\/wp-json\/wp\/v2\/types\/product"}],"author":[{"embeddable":true,"href":"https:\/\/test.informator.se\/en\/wp-json\/wp\/v2\/users\/1"}],"wp:attachment":[{"href":"https:\/\/test.informator.se\/en\/wp-json\/wp\/v2\/media?parent=16592"}],"wp:term":[{"taxonomy":"product_brand","embeddable":true,"href":"https:\/\/test.informator.se\/en\/wp-json\/wp\/v2\/product_brand?post=16592"},{"taxonomy":"product_cat","embeddable":true,"href":"https:\/\/test.informator.se\/en\/wp-json\/wp\/v2\/product_cat?post=16592"},{"taxonomy":"product_tag","embeddable":true,"href":"https:\/\/test.informator.se\/en\/wp-json\/wp\/v2\/product_tag?post=16592"},{"taxonomy":"programsprak_plattform","embeddable":true,"href":"https:\/\/test.informator.se\/en\/wp-json\/wp\/v2\/programsprak_plattform?post=16592"},{"taxonomy":"betalningsmetoder","embeddable":true,"href":"https:\/\/test.informator.se\/en\/wp-json\/wp\/v2\/betalningsmetoder?post=16592"},{"taxonomy":"sprak","embeddable":true,"href":"https:\/\/test.informator.se\/en\/wp-json\/wp\/v2\/sprak?post=16592"},{"taxonomy":"startgaranti","embeddable":true,"href":"https:\/\/test.informator.se\/en\/wp-json\/wp\/v2\/startgaranti?post=16592"},{"taxonomy":"certifieringsorgan","embeddable":true,"href":"https:\/\/test.informator.se\/en\/wp-json\/wp\/v2\/certifieringsorgan?post=16592"},{"taxonomy":"certifieringsbar","embeddable":true,"href":"https:\/\/test.informator.se\/en\/wp-json\/wp\/v2\/certifieringsbar?post=16592"},{"taxonomy":"svarighetsniva","embeddable":true,"href":"https:\/\/test.informator.se\/en\/wp-json\/wp\/v2\/svarighetsniva?post=16592"},{"taxonomy":"leveranssatt","embeddable":true,"href":"https:\/\/test.informator.se\/en\/wp-json\/wp\/v2\/leveranssatt?post=16592"}],"curies":[{"name":"wp","href":"https:\/\/api.w.org\/{rel}","templated":true}]}}