{"id":17671,"date":"2024-08-28T10:24:16","date_gmt":"2024-08-28T10:24:16","guid":{"rendered":"https:\/\/wordpress-583806-4798031.cloudwaysapps.com\/?post_type=product&#038;p=17671"},"modified":"2025-04-11T08:46:13","modified_gmt":"2025-04-11T07:46:13","slug":"professional-scrum-product-owner-2","status":"publish","type":"product","link":"https:\/\/test.informator.se\/en\/produkt\/professional-scrum-product-owner-2\/","title":{"rendered":"Professional Scrum Product Owner"},"content":{"rendered":"<p>Den h\u00e4r kursen riktar sig till dig som vill l\u00e4ra dig att\u00a0<strong>leda produktutveckling<\/strong>\u00a0i en modern och agil kontext. I dagens snabba och f\u00f6r\u00e4nderliga samh\u00e4lle kr\u00e4vs ett nytt s\u00e4tt att arbeta med produktledning och produkt\u00e4garskap. Att snabbt k\u00e4nna in och\u00a0<strong>agera p\u00e5 marknadens behov<\/strong>, kan vara den avg\u00f6rande faktorn f\u00f6r framg\u00e5ng.<\/p>\n<p><strong><em>Detta \u00e4r en partnerkurs och omfattas d\u00e4rf\u00f6r inte av Informators startgaranti.<\/em><\/strong><\/p>\n","protected":false},"excerpt":{"rendered":"<p>Den h\u00e4r kursen riktar sig till dig som vill l\u00e4ra dig att\u00a0leda produktutveckling\u00a0i en modern och agil kontext. I dagens snabba och f\u00f6r\u00e4nderliga samh\u00e4lle kr\u00e4vs ett nytt s\u00e4tt att arbeta med produktledning och produkt\u00e4garskap. Att snabbt k\u00e4nna in och\u00a0agera p\u00e5 marknadens behov, kan vara den avg\u00f6rande faktorn f\u00f6r framg\u00e5ng. Detta \u00e4r en partnerkurs och omfattas [&hellip;]<\/p>\n","protected":false},"author":1,"featured_media":0,"template":"","meta":{"om_disable_all_campaigns":false,"_monsterinsights_skip_tracking":false,"_monsterinsights_sitenote_active":false,"_monsterinsights_sitenote_note":"","_monsterinsights_sitenote_category":0,"_uf_show_specific_survey":0,"_uf_disable_surveys":false},"product_brand":[],"product_cat":[76],"product_tag":[273,267,268,270,274,272,280,278,276,269,275,271,279,277,281],"programsprak_plattform":[],"betalningsmetoder":[],"sprak":[372,371],"startgaranti":[],"certifieringsorgan":[53],"certifieringsbar":[39],"svarighetsniva":[41],"leveranssatt":[37,36],"class_list":{"0":"post-17671","1":"product","2":"type-product","3":"status-publish","5":"product_cat-agila-metoder","6":"product_tag-can-product-owner-be-scrum-master","7":"product_tag-how-can-a-scrum-master-support-a-problem-solving-workshop","8":"product_tag-how-to-get-scrum-master-certification","9":"product_tag-safe-scrum-master","10":"product_tag-scrum-master-certification","11":"product_tag-scrum-master-lon","12":"product_tag-scrum-master-responsibilities","13":"product_tag-scrum-master-role","14":"product_tag-scrum-master-utbildning","15":"product_tag-scrum-master-utbildning-stockholm","16":"product_tag-situational-interview-questions-for-scrum-master","17":"product_tag-vad-ar-en-scrum-master","18":"product_tag-vad-gor-en-scrum-master","19":"product_tag-vad-tjanar-en-scrum-master","20":"product_tag-what-is-a-scrum-master","21":"sprak-engelska","22":"sprak-svenska","23":"certifieringsorgan-scaled-agile","24":"certifieringsbar-ja","25":"svarighetsniva-grund","26":"leveranssatt-distans","27":"leveranssatt-klassrum","29":"first","30":"instock","31":"virtual","32":"taxable","33":"purchasable","34":"product-type-simple"},"_links":{"self":[{"href":"https:\/\/test.informator.se\/en\/wp-json\/wp\/v2\/product\/17671","targetHints":{"allow":["GET"]}}],"collection":[{"href":"https:\/\/test.informator.se\/en\/wp-json\/wp\/v2\/product"}],"about":[{"href":"https:\/\/test.informator.se\/en\/wp-json\/wp\/v2\/types\/product"}],"author":[{"embeddable":true,"href":"https:\/\/test.informator.se\/en\/wp-json\/wp\/v2\/users\/1"}],"wp:attachment":[{"href":"https:\/\/test.informator.se\/en\/wp-json\/wp\/v2\/media?parent=17671"}],"wp:term":[{"taxonomy":"product_brand","embeddable":true,"href":"https:\/\/test.informator.se\/en\/wp-json\/wp\/v2\/product_brand?post=17671"},{"taxonomy":"product_cat","embeddable":true,"href":"https:\/\/test.informator.se\/en\/wp-json\/wp\/v2\/product_cat?post=17671"},{"taxonomy":"product_tag","embeddable":true,"href":"https:\/\/test.informator.se\/en\/wp-json\/wp\/v2\/product_tag?post=17671"},{"taxonomy":"programsprak_plattform","embeddable":true,"href":"https:\/\/test.informator.se\/en\/wp-json\/wp\/v2\/programsprak_plattform?post=17671"},{"taxonomy":"betalningsmetoder","embeddable":true,"href":"https:\/\/test.informator.se\/en\/wp-json\/wp\/v2\/betalningsmetoder?post=17671"},{"taxonomy":"sprak","embeddable":true,"href":"https:\/\/test.informator.se\/en\/wp-json\/wp\/v2\/sprak?post=17671"},{"taxonomy":"startgaranti","embeddable":true,"href":"https:\/\/test.informator.se\/en\/wp-json\/wp\/v2\/startgaranti?post=17671"},{"taxonomy":"certifieringsorgan","embeddable":true,"href":"https:\/\/test.informator.se\/en\/wp-json\/wp\/v2\/certifieringsorgan?post=17671"},{"taxonomy":"certifieringsbar","embeddable":true,"href":"https:\/\/test.informator.se\/en\/wp-json\/wp\/v2\/certifieringsbar?post=17671"},{"taxonomy":"svarighetsniva","embeddable":true,"href":"https:\/\/test.informator.se\/en\/wp-json\/wp\/v2\/svarighetsniva?post=17671"},{"taxonomy":"leveranssatt","embeddable":true,"href":"https:\/\/test.informator.se\/en\/wp-json\/wp\/v2\/leveranssatt?post=17671"}],"curies":[{"name":"wp","href":"https:\/\/api.w.org\/{rel}","templated":true}]}}