{"id":18202,"date":"2024-08-28T10:26:57","date_gmt":"2024-08-28T10:26:57","guid":{"rendered":"https:\/\/wordpress-583806-4798031.cloudwaysapps.com\/?post_type=product&#038;p=18202"},"modified":"2025-01-17T14:13:24","modified_gmt":"2025-01-17T13:13:24","slug":"sjlvledarskap-ta-fram-det-bsta-i-dig-sjlv-och-andra","status":"publish","type":"product","link":"https:\/\/test.informator.se\/en\/produkt\/sjlvledarskap-ta-fram-det-bsta-i-dig-sjlv-och-andra\/","title":{"rendered":"Sj\u00e4lvledarskap"},"content":{"rendered":"<h4>&#8211; Ta fram det b\u00e4sta i dig sj\u00e4lv och andra<\/h4>\n<p>Utveckla och utforska dig sj\u00e4lv. F\u00f6rdjupa din insikt i sj\u00e4lvledarskapets individuella och kollektiva kraft. F\u00e5 en djupare inblick i f\u00f6rdelar och effekter f\u00f6r dig sj\u00e4lv, andra och organisationen.<\/p>\n<p>N\u00e4r v\u00e5r sj\u00e4lveffektivitet \u00f6kar blir vi effektivare i v\u00e5r hantering av k\u00e4nslor, tankar och reaktioner. Genom \u00f6kad sj\u00e4lveffektivitet kan vi frig\u00f6ra v\u00e5r potential, motivation och kreativitet. Och n\u00e4r vi utvecklar v\u00e5r sj\u00e4lveffektivitet, utvecklar vi ocks\u00e5 v\u00e5r f\u00f6rm\u00e5ga att reglera och minska stress mer effektivt. Med \u00f6kad sj\u00e4lveffektivitet skapar vi f\u00f6ruts\u00e4ttningar f\u00f6r st\u00e4rkt samarbets-, innovations-, l\u00e4rande- och anpassningsf\u00f6rm\u00e5ga.<\/p>\n","protected":false},"excerpt":{"rendered":"<p>&#8211; Ta fram det b\u00e4sta i dig sj\u00e4lv och andra Utveckla och utforska dig sj\u00e4lv. F\u00f6rdjupa din insikt i sj\u00e4lvledarskapets individuella och kollektiva kraft. F\u00e5 en djupare inblick i f\u00f6rdelar och effekter f\u00f6r dig sj\u00e4lv, andra och organisationen. N\u00e4r v\u00e5r sj\u00e4lveffektivitet \u00f6kar blir vi effektivare i v\u00e5r hantering av k\u00e4nslor, tankar och reaktioner. Genom \u00f6kad [&hellip;]<\/p>\n","protected":false},"author":1,"featured_media":0,"template":"","meta":{"om_disable_all_campaigns":false,"_monsterinsights_skip_tracking":false,"_monsterinsights_sitenote_active":false,"_monsterinsights_sitenote_note":"","_monsterinsights_sitenote_category":0,"_uf_show_specific_survey":0,"_uf_disable_surveys":false},"product_brand":[],"product_cat":[82],"product_tag":[],"programsprak_plattform":[],"betalningsmetoder":[],"sprak":[371],"startgaranti":[],"certifieringsorgan":[],"certifieringsbar":[40],"svarighetsniva":[41],"leveranssatt":[37,36],"class_list":{"0":"post-18202","1":"product","2":"type-product","3":"status-publish","5":"product_cat-ledarskap-och-kommunikation","6":"sprak-svenska","7":"certifieringsbar-nej","8":"svarighetsniva-grund","9":"leveranssatt-distans","10":"leveranssatt-klassrum","12":"first","13":"instock","14":"virtual","15":"taxable","16":"purchasable","17":"product-type-simple"},"_links":{"self":[{"href":"https:\/\/test.informator.se\/en\/wp-json\/wp\/v2\/product\/18202","targetHints":{"allow":["GET"]}}],"collection":[{"href":"https:\/\/test.informator.se\/en\/wp-json\/wp\/v2\/product"}],"about":[{"href":"https:\/\/test.informator.se\/en\/wp-json\/wp\/v2\/types\/product"}],"author":[{"embeddable":true,"href":"https:\/\/test.informator.se\/en\/wp-json\/wp\/v2\/users\/1"}],"wp:attachment":[{"href":"https:\/\/test.informator.se\/en\/wp-json\/wp\/v2\/media?parent=18202"}],"wp:term":[{"taxonomy":"product_brand","embeddable":true,"href":"https:\/\/test.informator.se\/en\/wp-json\/wp\/v2\/product_brand?post=18202"},{"taxonomy":"product_cat","embeddable":true,"href":"https:\/\/test.informator.se\/en\/wp-json\/wp\/v2\/product_cat?post=18202"},{"taxonomy":"product_tag","embeddable":true,"href":"https:\/\/test.informator.se\/en\/wp-json\/wp\/v2\/product_tag?post=18202"},{"taxonomy":"programsprak_plattform","embeddable":true,"href":"https:\/\/test.informator.se\/en\/wp-json\/wp\/v2\/programsprak_plattform?post=18202"},{"taxonomy":"betalningsmetoder","embeddable":true,"href":"https:\/\/test.informator.se\/en\/wp-json\/wp\/v2\/betalningsmetoder?post=18202"},{"taxonomy":"sprak","embeddable":true,"href":"https:\/\/test.informator.se\/en\/wp-json\/wp\/v2\/sprak?post=18202"},{"taxonomy":"startgaranti","embeddable":true,"href":"https:\/\/test.informator.se\/en\/wp-json\/wp\/v2\/startgaranti?post=18202"},{"taxonomy":"certifieringsorgan","embeddable":true,"href":"https:\/\/test.informator.se\/en\/wp-json\/wp\/v2\/certifieringsorgan?post=18202"},{"taxonomy":"certifieringsbar","embeddable":true,"href":"https:\/\/test.informator.se\/en\/wp-json\/wp\/v2\/certifieringsbar?post=18202"},{"taxonomy":"svarighetsniva","embeddable":true,"href":"https:\/\/test.informator.se\/en\/wp-json\/wp\/v2\/svarighetsniva?post=18202"},{"taxonomy":"leveranssatt","embeddable":true,"href":"https:\/\/test.informator.se\/en\/wp-json\/wp\/v2\/leveranssatt?post=18202"}],"curies":[{"name":"wp","href":"https:\/\/api.w.org\/{rel}","templated":true}]}}