{"id":19317,"date":"2024-08-28T10:33:37","date_gmt":"2024-08-28T10:33:37","guid":{"rendered":"https:\/\/wordpress-583806-4798031.cloudwaysapps.com\/?post_type=product&#038;p=19317"},"modified":"2024-12-18T08:40:48","modified_gmt":"2024-12-18T07:40:48","slug":"grundkurs-i-vue-3","status":"publish","type":"product","link":"https:\/\/test.informator.se\/en\/produkt\/grundkurs-i-vue-3\/","title":{"rendered":"Grundkurs i Vue 3"},"content":{"rendered":"<p>Vue 3 \u00e4r ett popul\u00e4rt JavaScript-ramverk som hj\u00e4lper till att bygga anv\u00e4ndargr\u00e4nssnitt och enkelsidiga applikationer. Den \u00e4r l\u00e4tt att komma ig\u00e5ng med och erbjuder en rad kraftfulla funktioner f\u00f6r att skapa interaktiva och dynamiska webbapplikationer. Genom att slutf\u00f6ra den h\u00e4r kursen kommer du att ha en solid f\u00f6rst\u00e5else f\u00f6r Vue 3 och hur du kan anv\u00e4nda det f\u00f6r att bygga snabba och skalbara webbapplikationer.<\/p>\n","protected":false},"excerpt":{"rendered":"<p>Vue 3 \u00e4r ett popul\u00e4rt JavaScript-ramverk som hj\u00e4lper till att bygga anv\u00e4ndargr\u00e4nssnitt och enkelsidiga applikationer. Den \u00e4r l\u00e4tt att komma ig\u00e5ng med och erbjuder en rad kraftfulla funktioner f\u00f6r att skapa interaktiva och dynamiska webbapplikationer. Genom att slutf\u00f6ra den h\u00e4r kursen kommer du att ha en solid f\u00f6rst\u00e5else f\u00f6r Vue 3 och hur du kan [&hellip;]<\/p>\n","protected":false},"author":1,"featured_media":0,"template":"","meta":{"om_disable_all_campaigns":false,"_monsterinsights_skip_tracking":false,"_monsterinsights_sitenote_active":false,"_monsterinsights_sitenote_note":"","_monsterinsights_sitenote_category":0,"_uf_show_specific_survey":0,"_uf_disable_surveys":false},"product_brand":[],"product_cat":[20],"product_tag":[],"programsprak_plattform":[],"betalningsmetoder":[],"sprak":[371],"startgaranti":[],"certifieringsorgan":[],"certifieringsbar":[40],"svarighetsniva":[41],"leveranssatt":[37,36],"class_list":{"0":"post-19317","1":"product","2":"type-product","3":"status-publish","5":"product_cat-uncategorized","6":"sprak-svenska","7":"certifieringsbar-nej","8":"svarighetsniva-grund","9":"leveranssatt-distans","10":"leveranssatt-klassrum","12":"first","13":"instock","14":"virtual","15":"taxable","16":"purchasable","17":"product-type-simple"},"_links":{"self":[{"href":"https:\/\/test.informator.se\/en\/wp-json\/wp\/v2\/product\/19317","targetHints":{"allow":["GET"]}}],"collection":[{"href":"https:\/\/test.informator.se\/en\/wp-json\/wp\/v2\/product"}],"about":[{"href":"https:\/\/test.informator.se\/en\/wp-json\/wp\/v2\/types\/product"}],"author":[{"embeddable":true,"href":"https:\/\/test.informator.se\/en\/wp-json\/wp\/v2\/users\/1"}],"wp:attachment":[{"href":"https:\/\/test.informator.se\/en\/wp-json\/wp\/v2\/media?parent=19317"}],"wp:term":[{"taxonomy":"product_brand","embeddable":true,"href":"https:\/\/test.informator.se\/en\/wp-json\/wp\/v2\/product_brand?post=19317"},{"taxonomy":"product_cat","embeddable":true,"href":"https:\/\/test.informator.se\/en\/wp-json\/wp\/v2\/product_cat?post=19317"},{"taxonomy":"product_tag","embeddable":true,"href":"https:\/\/test.informator.se\/en\/wp-json\/wp\/v2\/product_tag?post=19317"},{"taxonomy":"programsprak_plattform","embeddable":true,"href":"https:\/\/test.informator.se\/en\/wp-json\/wp\/v2\/programsprak_plattform?post=19317"},{"taxonomy":"betalningsmetoder","embeddable":true,"href":"https:\/\/test.informator.se\/en\/wp-json\/wp\/v2\/betalningsmetoder?post=19317"},{"taxonomy":"sprak","embeddable":true,"href":"https:\/\/test.informator.se\/en\/wp-json\/wp\/v2\/sprak?post=19317"},{"taxonomy":"startgaranti","embeddable":true,"href":"https:\/\/test.informator.se\/en\/wp-json\/wp\/v2\/startgaranti?post=19317"},{"taxonomy":"certifieringsorgan","embeddable":true,"href":"https:\/\/test.informator.se\/en\/wp-json\/wp\/v2\/certifieringsorgan?post=19317"},{"taxonomy":"certifieringsbar","embeddable":true,"href":"https:\/\/test.informator.se\/en\/wp-json\/wp\/v2\/certifieringsbar?post=19317"},{"taxonomy":"svarighetsniva","embeddable":true,"href":"https:\/\/test.informator.se\/en\/wp-json\/wp\/v2\/svarighetsniva?post=19317"},{"taxonomy":"leveranssatt","embeddable":true,"href":"https:\/\/test.informator.se\/en\/wp-json\/wp\/v2\/leveranssatt?post=19317"}],"curies":[{"name":"wp","href":"https:\/\/api.w.org\/{rel}","templated":true}]}}