{"id":19342,"date":"2024-08-28T10:33:49","date_gmt":"2024-08-28T10:33:49","guid":{"rendered":"https:\/\/wordpress-583806-4798031.cloudwaysapps.com\/?post_type=product&#038;p=19342"},"modified":"2024-09-20T10:19:49","modified_gmt":"2024-09-20T09:19:49","slug":"hjrnkoll-p-kommunikation","status":"publish","type":"product","link":"https:\/\/test.informator.se\/en\/produkt\/hjrnkoll-p-kommunikation\/","title":{"rendered":"Hj&auml;rnkoll p&aring; kommunikation"},"content":{"rendered":"<p>Alla ledare och medarbetare kommunicerar, men alla \u00e4r inte kommunikativa. Att kommunicera handlar mer \u00e4n om att bara prata och vidarebefordra tankar och k\u00e4nslor, det handlar om att skapa v\u00e4rde.<\/p>\n<p>Studier visar t.ex. att ledare och medarbetare som \u00e4r bra p\u00e5 att kommunicera har st\u00f6rre inflytande p\u00e5 attityder, v\u00e4lbefinnande och prestationer. De \u00e4r b\u00e4ttre p\u00e5 att motivera, l\u00f6sa problem och konflikter och n\u00e5 m\u00e5len \u00e4n de som inte \u00e4r kommunikativa.<\/p>\n<p>&nbsp;<\/p>\n","protected":false},"excerpt":{"rendered":"<p>Alla ledare och medarbetare kommunicerar, men alla \u00e4r inte kommunikativa. Att kommunicera handlar mer \u00e4n om att bara prata och vidarebefordra tankar och k\u00e4nslor, det handlar om att skapa v\u00e4rde. Studier visar t.ex. att ledare och medarbetare som \u00e4r bra p\u00e5 att kommunicera har st\u00f6rre inflytande p\u00e5 attityder, v\u00e4lbefinnande och prestationer. De \u00e4r b\u00e4ttre p\u00e5 [&hellip;]<\/p>\n","protected":false},"author":1,"featured_media":0,"template":"","meta":{"om_disable_all_campaigns":false,"_monsterinsights_skip_tracking":false,"_monsterinsights_sitenote_active":false,"_monsterinsights_sitenote_note":"","_monsterinsights_sitenote_category":0,"_uf_show_specific_survey":0,"_uf_disable_surveys":false},"product_brand":[],"product_cat":[111,82,83,95,84],"product_tag":[],"programsprak_plattform":[],"betalningsmetoder":[],"sprak":[371],"startgaranti":[],"certifieringsorgan":[],"certifieringsbar":[],"svarighetsniva":[41],"leveranssatt":[37,36],"class_list":{"0":"post-19342","1":"product","2":"type-product","3":"status-publish","5":"product_cat-grundkurser-ledning-och-styrning","6":"product_cat-ledarskap-och-kommunikation","7":"product_cat-ledning-och-styrning","8":"product_cat-personlig-utveckling","9":"product_cat-samarbete-kommunikation","10":"sprak-svenska","11":"svarighetsniva-grund","12":"leveranssatt-distans","13":"leveranssatt-klassrum","15":"first","16":"instock","17":"virtual","18":"taxable","19":"purchasable","20":"product-type-simple"},"_links":{"self":[{"href":"https:\/\/test.informator.se\/en\/wp-json\/wp\/v2\/product\/19342","targetHints":{"allow":["GET"]}}],"collection":[{"href":"https:\/\/test.informator.se\/en\/wp-json\/wp\/v2\/product"}],"about":[{"href":"https:\/\/test.informator.se\/en\/wp-json\/wp\/v2\/types\/product"}],"author":[{"embeddable":true,"href":"https:\/\/test.informator.se\/en\/wp-json\/wp\/v2\/users\/1"}],"wp:attachment":[{"href":"https:\/\/test.informator.se\/en\/wp-json\/wp\/v2\/media?parent=19342"}],"wp:term":[{"taxonomy":"product_brand","embeddable":true,"href":"https:\/\/test.informator.se\/en\/wp-json\/wp\/v2\/product_brand?post=19342"},{"taxonomy":"product_cat","embeddable":true,"href":"https:\/\/test.informator.se\/en\/wp-json\/wp\/v2\/product_cat?post=19342"},{"taxonomy":"product_tag","embeddable":true,"href":"https:\/\/test.informator.se\/en\/wp-json\/wp\/v2\/product_tag?post=19342"},{"taxonomy":"programsprak_plattform","embeddable":true,"href":"https:\/\/test.informator.se\/en\/wp-json\/wp\/v2\/programsprak_plattform?post=19342"},{"taxonomy":"betalningsmetoder","embeddable":true,"href":"https:\/\/test.informator.se\/en\/wp-json\/wp\/v2\/betalningsmetoder?post=19342"},{"taxonomy":"sprak","embeddable":true,"href":"https:\/\/test.informator.se\/en\/wp-json\/wp\/v2\/sprak?post=19342"},{"taxonomy":"startgaranti","embeddable":true,"href":"https:\/\/test.informator.se\/en\/wp-json\/wp\/v2\/startgaranti?post=19342"},{"taxonomy":"certifieringsorgan","embeddable":true,"href":"https:\/\/test.informator.se\/en\/wp-json\/wp\/v2\/certifieringsorgan?post=19342"},{"taxonomy":"certifieringsbar","embeddable":true,"href":"https:\/\/test.informator.se\/en\/wp-json\/wp\/v2\/certifieringsbar?post=19342"},{"taxonomy":"svarighetsniva","embeddable":true,"href":"https:\/\/test.informator.se\/en\/wp-json\/wp\/v2\/svarighetsniva?post=19342"},{"taxonomy":"leveranssatt","embeddable":true,"href":"https:\/\/test.informator.se\/en\/wp-json\/wp\/v2\/leveranssatt?post=19342"}],"curies":[{"name":"wp","href":"https:\/\/api.w.org\/{rel}","templated":true}]}}