{"id":19348,"date":"2024-08-28T10:33:50","date_gmt":"2024-08-28T10:33:50","guid":{"rendered":"https:\/\/wordpress-583806-4798031.cloudwaysapps.com\/?post_type=product&#038;p=19348"},"modified":"2024-12-19T14:54:41","modified_gmt":"2024-12-19T13:54:41","slug":"eq-vikten-av-emotionell-intelligens","status":"publish","type":"product","link":"https:\/\/test.informator.se\/en\/produkt\/eq-vikten-av-emotionell-intelligens\/","title":{"rendered":"EQ f\u00f6r ledare"},"content":{"rendered":"<p>&#8211; \u00c4r emotionell intelligens en n\u00f6dv\u00e4ndig ledarskapsf\u00f6rm\u00e5ga?<\/p>\n<p>Efter begreppets tillblivelse inom det psykologiska vetenskapsf\u00e4ltet tog det n\u00e4stan ett decennium innan f\u00f6rfattaren och vetenskapsjournalisten Daniel Goleman hade etablerat en f\u00f6rst\u00e5else f\u00f6r vikten av EQ inom ramen f\u00f6r ledarskap i en organisatorisk kontext. I en artikel \u2013 \u201cWhat Makes a Leader\u201d \u2013 i Harvard Business Review, 1998, h\u00e4vdar Goleman otvetydigt betydelsen av EQ:<\/p>\n<p>F\u00f6r att tydligg\u00f6ra inneb\u00f6rden av EQ, beskriver Goleman fem komponenter som m\u00f6jligg\u00f6r f\u00f6r individer att uppm\u00e4rksamma, skapa kontakt med och l\u00e4ra av sina egna och andras k\u00e4nslom\u00e4ssiga tillst\u00e5nd:<\/p>\n<ul>\n<li>Sj\u00e4lvmedvetenhet<\/li>\n<li>Sj\u00e4lvledarskap (sj\u00e4lvstyrning)<\/li>\n<li>Motivation (i betydelsen, en passion som g\u00e5r bortom pengar och status)<\/li>\n<li>Empati<\/li>\n<li>Social f\u00e4rdighet (i betydelsen skicklighet att skapa och vidmakth\u00e5lla relationer och n\u00e4tverk)<\/li>\n<\/ul>\n","protected":false},"excerpt":{"rendered":"<p>&#8211; \u00c4r emotionell intelligens en n\u00f6dv\u00e4ndig ledarskapsf\u00f6rm\u00e5ga? Efter begreppets tillblivelse inom det psykologiska vetenskapsf\u00e4ltet tog det n\u00e4stan ett decennium innan f\u00f6rfattaren och vetenskapsjournalisten Daniel Goleman hade etablerat en f\u00f6rst\u00e5else f\u00f6r vikten av EQ inom ramen f\u00f6r ledarskap i en organisatorisk kontext. I en artikel \u2013 \u201cWhat Makes a Leader\u201d \u2013 i Harvard Business Review, 1998, [&hellip;]<\/p>\n","protected":false},"author":1,"featured_media":0,"template":"","meta":{"om_disable_all_campaigns":false,"_monsterinsights_skip_tracking":false,"_monsterinsights_sitenote_active":false,"_monsterinsights_sitenote_note":"","_monsterinsights_sitenote_category":0,"_uf_show_specific_survey":0,"_uf_disable_surveys":false},"product_brand":[],"product_cat":[82,83,95,84],"product_tag":[],"programsprak_plattform":[],"betalningsmetoder":[],"sprak":[371],"startgaranti":[],"certifieringsorgan":[],"certifieringsbar":[],"svarighetsniva":[41],"leveranssatt":[37,36],"class_list":{"0":"post-19348","1":"product","2":"type-product","3":"status-publish","5":"product_cat-ledarskap-och-kommunikation","6":"product_cat-ledning-och-styrning","7":"product_cat-personlig-utveckling","8":"product_cat-samarbete-kommunikation","9":"sprak-svenska","10":"svarighetsniva-grund","11":"leveranssatt-distans","12":"leveranssatt-klassrum","14":"first","15":"instock","16":"virtual","17":"taxable","18":"purchasable","19":"product-type-simple"},"_links":{"self":[{"href":"https:\/\/test.informator.se\/en\/wp-json\/wp\/v2\/product\/19348","targetHints":{"allow":["GET"]}}],"collection":[{"href":"https:\/\/test.informator.se\/en\/wp-json\/wp\/v2\/product"}],"about":[{"href":"https:\/\/test.informator.se\/en\/wp-json\/wp\/v2\/types\/product"}],"author":[{"embeddable":true,"href":"https:\/\/test.informator.se\/en\/wp-json\/wp\/v2\/users\/1"}],"wp:attachment":[{"href":"https:\/\/test.informator.se\/en\/wp-json\/wp\/v2\/media?parent=19348"}],"wp:term":[{"taxonomy":"product_brand","embeddable":true,"href":"https:\/\/test.informator.se\/en\/wp-json\/wp\/v2\/product_brand?post=19348"},{"taxonomy":"product_cat","embeddable":true,"href":"https:\/\/test.informator.se\/en\/wp-json\/wp\/v2\/product_cat?post=19348"},{"taxonomy":"product_tag","embeddable":true,"href":"https:\/\/test.informator.se\/en\/wp-json\/wp\/v2\/product_tag?post=19348"},{"taxonomy":"programsprak_plattform","embeddable":true,"href":"https:\/\/test.informator.se\/en\/wp-json\/wp\/v2\/programsprak_plattform?post=19348"},{"taxonomy":"betalningsmetoder","embeddable":true,"href":"https:\/\/test.informator.se\/en\/wp-json\/wp\/v2\/betalningsmetoder?post=19348"},{"taxonomy":"sprak","embeddable":true,"href":"https:\/\/test.informator.se\/en\/wp-json\/wp\/v2\/sprak?post=19348"},{"taxonomy":"startgaranti","embeddable":true,"href":"https:\/\/test.informator.se\/en\/wp-json\/wp\/v2\/startgaranti?post=19348"},{"taxonomy":"certifieringsorgan","embeddable":true,"href":"https:\/\/test.informator.se\/en\/wp-json\/wp\/v2\/certifieringsorgan?post=19348"},{"taxonomy":"certifieringsbar","embeddable":true,"href":"https:\/\/test.informator.se\/en\/wp-json\/wp\/v2\/certifieringsbar?post=19348"},{"taxonomy":"svarighetsniva","embeddable":true,"href":"https:\/\/test.informator.se\/en\/wp-json\/wp\/v2\/svarighetsniva?post=19348"},{"taxonomy":"leveranssatt","embeddable":true,"href":"https:\/\/test.informator.se\/en\/wp-json\/wp\/v2\/leveranssatt?post=19348"}],"curies":[{"name":"wp","href":"https:\/\/api.w.org\/{rel}","templated":true}]}}