{"id":30834,"date":"2025-02-19T12:18:58","date_gmt":"2025-02-19T11:18:58","guid":{"rendered":"https:\/\/informator.se\/?post_type=product&#038;p=30834"},"modified":"2025-02-19T12:18:59","modified_gmt":"2025-02-19T11:18:59","slug":"lean","status":"publish","type":"product","link":"https:\/\/test.informator.se\/en\/produkt\/lean\/","title":{"rendered":"Lean"},"content":{"rendered":"<p>Denna utbildning ger deltagarna en grundlig f\u00f6rst\u00e5else f\u00f6r Lean-konceptet, dess principer och praktiska till\u00e4mpningar. Utbildningen kombinerar teoretiska genomg\u00e5ngar med praktiska \u00f6vningar och simuleringar f\u00f6r att ge deltagarna en djupare f\u00f6rst\u00e5else och praktiska f\u00e4rdigheter.<\/p>\n","protected":false},"excerpt":{"rendered":"<p>Denna utbildning ger deltagarna en grundlig f\u00f6rst\u00e5else f\u00f6r Lean-konceptet, dess principer och praktiska till\u00e4mpningar. Utbildningen kombinerar teoretiska genomg\u00e5ngar med praktiska \u00f6vningar och simuleringar f\u00f6r att ge deltagarna en djupare f\u00f6rst\u00e5else och praktiska f\u00e4rdigheter.<\/p>\n","protected":false},"author":6,"featured_media":0,"template":"","meta":{"om_disable_all_campaigns":false,"_monsterinsights_skip_tracking":false,"_monsterinsights_sitenote_active":false,"_monsterinsights_sitenote_note":"","_monsterinsights_sitenote_category":0,"_uf_show_specific_survey":0,"_uf_disable_surveys":false},"product_brand":[],"product_cat":[20,76],"product_tag":[],"programsprak_plattform":[],"betalningsmetoder":[],"sprak":[371],"startgaranti":[],"certifieringsorgan":[],"certifieringsbar":[40],"svarighetsniva":[41],"leveranssatt":[37,36],"class_list":{"0":"post-30834","1":"product","2":"type-product","3":"status-publish","5":"product_cat-uncategorized","6":"product_cat-agila-metoder","7":"sprak-svenska","8":"certifieringsbar-nej","9":"svarighetsniva-grund","10":"leveranssatt-distans","11":"leveranssatt-klassrum","13":"first","14":"instock","15":"virtual","16":"taxable","17":"purchasable","18":"product-type-simple"},"_links":{"self":[{"href":"https:\/\/test.informator.se\/en\/wp-json\/wp\/v2\/product\/30834","targetHints":{"allow":["GET"]}}],"collection":[{"href":"https:\/\/test.informator.se\/en\/wp-json\/wp\/v2\/product"}],"about":[{"href":"https:\/\/test.informator.se\/en\/wp-json\/wp\/v2\/types\/product"}],"author":[{"embeddable":true,"href":"https:\/\/test.informator.se\/en\/wp-json\/wp\/v2\/users\/6"}],"wp:attachment":[{"href":"https:\/\/test.informator.se\/en\/wp-json\/wp\/v2\/media?parent=30834"}],"wp:term":[{"taxonomy":"product_brand","embeddable":true,"href":"https:\/\/test.informator.se\/en\/wp-json\/wp\/v2\/product_brand?post=30834"},{"taxonomy":"product_cat","embeddable":true,"href":"https:\/\/test.informator.se\/en\/wp-json\/wp\/v2\/product_cat?post=30834"},{"taxonomy":"product_tag","embeddable":true,"href":"https:\/\/test.informator.se\/en\/wp-json\/wp\/v2\/product_tag?post=30834"},{"taxonomy":"programsprak_plattform","embeddable":true,"href":"https:\/\/test.informator.se\/en\/wp-json\/wp\/v2\/programsprak_plattform?post=30834"},{"taxonomy":"betalningsmetoder","embeddable":true,"href":"https:\/\/test.informator.se\/en\/wp-json\/wp\/v2\/betalningsmetoder?post=30834"},{"taxonomy":"sprak","embeddable":true,"href":"https:\/\/test.informator.se\/en\/wp-json\/wp\/v2\/sprak?post=30834"},{"taxonomy":"startgaranti","embeddable":true,"href":"https:\/\/test.informator.se\/en\/wp-json\/wp\/v2\/startgaranti?post=30834"},{"taxonomy":"certifieringsorgan","embeddable":true,"href":"https:\/\/test.informator.se\/en\/wp-json\/wp\/v2\/certifieringsorgan?post=30834"},{"taxonomy":"certifieringsbar","embeddable":true,"href":"https:\/\/test.informator.se\/en\/wp-json\/wp\/v2\/certifieringsbar?post=30834"},{"taxonomy":"svarighetsniva","embeddable":true,"href":"https:\/\/test.informator.se\/en\/wp-json\/wp\/v2\/svarighetsniva?post=30834"},{"taxonomy":"leveranssatt","embeddable":true,"href":"https:\/\/test.informator.se\/en\/wp-json\/wp\/v2\/leveranssatt?post=30834"}],"curies":[{"name":"wp","href":"https:\/\/api.w.org\/{rel}","templated":true}]}}